{"id":248,"date":"2023-09-23T14:01:17","date_gmt":"2023-09-23T12:01:17","guid":{"rendered":"http:\/\/liceovirtual-bcp.utalca.cl\/?page_id=248"},"modified":"2023-10-23T17:48:33","modified_gmt":"2023-10-23T15:48:33","slug":"equipo","status":"publish","type":"page","link":"https:\/\/liceovirtual.utalca.cl\/index.php\/equipo\/","title":{"rendered":"Equipo"},"content":{"rendered":"\t\t<div data-elementor-type=\"wp-page\" data-elementor-id=\"248\" class=\"elementor elementor-248\" data-elementor-post-type=\"page\">\n\t\t\t\t<div class=\"elementor-element elementor-element-b04662f e-flex e-con-boxed e-con e-parent\" data-id=\"b04662f\" data-element_type=\"container\" data-e-type=\"container\">\n\t\t\t\t\t<div class=\"e-con-inner\">\n\t\t\t\t<div class=\"elementor-element elementor-element-fcfcc3e elementor-widget elementor-widget-heading\" data-id=\"fcfcc3e\" data-element_type=\"widget\" data-e-type=\"widget\" data-widget_type=\"heading.default\">\n\t\t\t\t<div class=\"elementor-widget-container\">\n\t\t\t\t\t<h2 class=\"elementor-heading-title elementor-size-default\">NUESTRO EQUIPO LICEO VIRTUAL<\/h2>\t\t\t\t<\/div>\n\t\t\t\t<\/div>\n\t\t\t\t<div class=\"elementor-element elementor-element-89b1c58 elementor-widget-divider--view-line_icon elementor-view-default elementor-widget-divider--element-align-center elementor-widget elementor-widget-divider\" data-id=\"89b1c58\" data-element_type=\"widget\" data-e-type=\"widget\" data-widget_type=\"divider.default\">\n\t\t\t\t<div class=\"elementor-widget-container\">\n\t\t\t\t\t\t\t<div class=\"elementor-divider\">\n\t\t\t<span class=\"elementor-divider-separator\">\n\t\t\t\t\t\t\t<div class=\"elementor-icon elementor-divider__element\">\n\t\t\t\t\t<i aria-hidden=\"true\" class=\"fas fa-bookmark\"><\/i><\/div>\n\t\t\t\t\t\t<\/span>\n\t\t<\/div>\n\t\t\t\t\t\t<\/div>\n\t\t\t\t<\/div>\n\t\t\t\t<div class=\"elementor-element elementor-element-ae149fb elementor-widget elementor-widget-heading\" data-id=\"ae149fb\" data-element_type=\"widget\" data-e-type=\"widget\" data-widget_type=\"heading.default\">\n\t\t\t\t<div class=\"elementor-widget-container\">\n\t\t\t\t\t<span class=\"elementor-heading-title elementor-size-default\">En el coraz\u00f3n de nuestra misi\u00f3n de abrir puertas hacia un futuro educativo m\u00e1s brillante se encuentra un equipo dedicado y apasionado de profesionales comprometidos con la transformaci\u00f3n de las vidas de estudiantes de ense\u00f1anza media y sus familias. Estamos aqu\u00ed para guiar, apoyar y facilitar la transici\u00f3n de los estudiantes hacia la educaci\u00f3n superior.<\/span>\t\t\t\t<\/div>\n\t\t\t\t<\/div>\n\t\t<div class=\"elementor-element elementor-element-7c34931 e-flex e-con-boxed e-con e-child\" data-id=\"7c34931\" data-element_type=\"container\" data-e-type=\"container\">\n\t\t\t\t\t<div class=\"e-con-inner\">\n\t\t<div class=\"elementor-element elementor-element-a9bd13a e-con-full e-flex e-con e-child\" data-id=\"a9bd13a\" data-element_type=\"container\" data-e-type=\"container\">\n\t\t\t\t<div class=\"elementor-element elementor-element-8e8a35b elementor-position-top elementor-widget elementor-widget-image-box\" data-id=\"8e8a35b\" data-element_type=\"widget\" data-e-type=\"widget\" data-widget_type=\"image-box.default\">\n\t\t\t\t<div class=\"elementor-widget-container\">\n\t\t\t\t\t<div class=\"elementor-image-box-wrapper\"><figure class=\"elementor-image-box-img\"><img fetchpriority=\"high\" decoding=\"async\" width=\"800\" height=\"800\" src=\"https:\/\/liceovirtual.utalca.cl\/wp-content\/uploads\/2023\/09\/Marco-Centeno.jpg\" class=\"attachment-full size-full wp-image-192\" alt=\"\" srcset=\"https:\/\/liceovirtual.utalca.cl\/wp-content\/uploads\/2023\/09\/Marco-Centeno.jpg 800w, https:\/\/liceovirtual.utalca.cl\/wp-content\/uploads\/2023\/09\/Marco-Centeno-300x300.jpg 300w, https:\/\/liceovirtual.utalca.cl\/wp-content\/uploads\/2023\/09\/Marco-Centeno-150x150.jpg 150w, https:\/\/liceovirtual.utalca.cl\/wp-content\/uploads\/2023\/09\/Marco-Centeno-768x768.jpg 768w\" sizes=\"(max-width: 800px) 100vw, 800px\" \/><\/figure><div class=\"elementor-image-box-content\"><h3 class=\"elementor-image-box-title\">Marco Centeno Dub\u00e9n<\/h3><p class=\"elementor-image-box-description\">Encargado de Liceo Virtual <\/p><\/div><\/div>\t\t\t\t<\/div>\n\t\t\t\t<\/div>\n\t\t\t\t<\/div>\n\t\t<div class=\"elementor-element elementor-element-839c7d4 e-con-full e-flex e-con e-child\" data-id=\"839c7d4\" data-element_type=\"container\" data-e-type=\"container\" data-settings=\"{&quot;background_background&quot;:&quot;classic&quot;}\">\n\t\t\t\t<div class=\"elementor-element elementor-element-f83efe0 elementor-position-top elementor-widget elementor-widget-image-box\" data-id=\"f83efe0\" data-element_type=\"widget\" data-e-type=\"widget\" data-widget_type=\"image-box.default\">\n\t\t\t\t<div class=\"elementor-widget-container\">\n\t\t\t\t\t<div class=\"elementor-image-box-wrapper\"><figure class=\"elementor-image-box-img\"><img decoding=\"async\" width=\"300\" height=\"300\" src=\"https:\/\/liceovirtual.utalca.cl\/wp-content\/uploads\/2023\/10\/Virtualito_web-300x300.png\" class=\"attachment-medium size-medium wp-image-367\" alt=\"\" srcset=\"https:\/\/liceovirtual.utalca.cl\/wp-content\/uploads\/2023\/10\/Virtualito_web-300x300.png 300w, https:\/\/liceovirtual.utalca.cl\/wp-content\/uploads\/2023\/10\/Virtualito_web-150x150.png 150w, https:\/\/liceovirtual.utalca.cl\/wp-content\/uploads\/2023\/10\/Virtualito_web-768x765.png 768w, https:\/\/liceovirtual.utalca.cl\/wp-content\/uploads\/2023\/10\/Virtualito_web.png 886w\" sizes=\"(max-width: 300px) 100vw, 300px\" \/><\/figure><div class=\"elementor-image-box-content\"><h3 class=\"elementor-image-box-title\">Virtualito<\/h3><p class=\"elementor-image-box-description\">Inteligencia Artificial del Liceo Virtual de Excelencia<\/p><\/div><\/div>\t\t\t\t<\/div>\n\t\t\t\t<\/div>\n\t\t\t\t<\/div>\n\t\t\t\t\t<\/div>\n\t\t\t\t<\/div>\n\t\t\t\t\t<\/div>\n\t\t\t\t<\/div>\n\t\t<div class=\"elementor-element elementor-element-1673e55 e-flex e-con-boxed e-con e-parent\" data-id=\"1673e55\" data-element_type=\"container\" data-e-type=\"container\">\n\t\t\t\t\t<div class=\"e-con-inner\">\n\t\t<div class=\"elementor-element elementor-element-c6e04fa e-flex e-con-boxed e-con e-child\" data-id=\"c6e04fa\" data-element_type=\"container\" data-e-type=\"container\">\n\t\t\t\t\t<div class=\"e-con-inner\">\n\t\t\t\t<div class=\"elementor-element elementor-element-c62c742 elementor-widget elementor-widget-image\" data-id=\"c62c742\" data-element_type=\"widget\" data-e-type=\"widget\" data-widget_type=\"image.default\">\n\t\t\t\t<div class=\"elementor-widget-container\">\n\t\t\t\t\t\t\t\t\t\t\t\t\t\t\t<img decoding=\"async\" width=\"522\" height=\"35\" src=\"https:\/\/liceovirtual.utalca.cl\/wp-content\/uploads\/2023\/09\/footer-strip-green.png\" class=\"attachment-large size-large wp-image-88\" alt=\"\" srcset=\"https:\/\/liceovirtual.utalca.cl\/wp-content\/uploads\/2023\/09\/footer-strip-green.png 522w, https:\/\/liceovirtual.utalca.cl\/wp-content\/uploads\/2023\/09\/footer-strip-green-300x20.png 300w\" sizes=\"(max-width: 522px) 100vw, 522px\" \/>\t\t\t\t\t\t\t\t\t\t\t\t\t\t\t<\/div>\n\t\t\t\t<\/div>\n\t\t\t\t\t<\/div>\n\t\t\t\t<\/div>\n\t\t\t\t\t<\/div>\n\t\t\t\t<\/div>\n\t\t\t\t<\/div>\n\t\t","protected":false},"excerpt":{"rendered":"<p>NUESTRO EQUIPO LICEO VIRTUAL En el coraz\u00f3n de nuestra misi\u00f3n de abrir puertas hacia un futuro educativo m\u00e1s brillante se encuentra un equipo dedicado y apasionado de profesionales comprometidos con la transformaci\u00f3n de las vidas de estudiantes de ense\u00f1anza media y sus familias. Estamos aqu\u00ed para guiar, apoyar y facilitar la transici\u00f3n de los estudiantes [&hellip;]<\/p>\n","protected":false},"author":1,"featured_media":0,"parent":0,"menu_order":0,"comment_status":"closed","ping_status":"closed","template":"elementor_header_footer","meta":{"footnotes":""},"class_list":["post-248","page","type-page","status-publish","hentry"],"_links":{"self":[{"href":"https:\/\/liceovirtual.utalca.cl\/index.php\/wp-json\/wp\/v2\/pages\/248","targetHints":{"allow":["GET"]}}],"collection":[{"href":"https:\/\/liceovirtual.utalca.cl\/index.php\/wp-json\/wp\/v2\/pages"}],"about":[{"href":"https:\/\/liceovirtual.utalca.cl\/index.php\/wp-json\/wp\/v2\/types\/page"}],"author":[{"embeddable":true,"href":"https:\/\/liceovirtual.utalca.cl\/index.php\/wp-json\/wp\/v2\/users\/1"}],"replies":[{"embeddable":true,"href":"https:\/\/liceovirtual.utalca.cl\/index.php\/wp-json\/wp\/v2\/comments?post=248"}],"version-history":[{"count":14,"href":"https:\/\/liceovirtual.utalca.cl\/index.php\/wp-json\/wp\/v2\/pages\/248\/revisions"}],"predecessor-version":[{"id":370,"href":"https:\/\/liceovirtual.utalca.cl\/index.php\/wp-json\/wp\/v2\/pages\/248\/revisions\/370"}],"wp:attachment":[{"href":"https:\/\/liceovirtual.utalca.cl\/index.php\/wp-json\/wp\/v2\/media?parent=248"}],"curies":[{"name":"wp","href":"https:\/\/api.w.org\/{rel}","templated":true}]}}