{"id":256,"date":"2023-09-23T14:07:01","date_gmt":"2023-09-23T12:07:01","guid":{"rendered":"http:\/\/liceovirtual-bcp.utalca.cl\/?page_id=256"},"modified":"2023-09-23T14:07:34","modified_gmt":"2023-09-23T12:07:34","slug":"objetivos","status":"publish","type":"page","link":"https:\/\/liceovirtual.utalca.cl\/index.php\/objetivos\/","title":{"rendered":"Objetivos"},"content":{"rendered":"\t\t<div data-elementor-type=\"wp-page\" data-elementor-id=\"256\" class=\"elementor elementor-256\" data-elementor-post-type=\"page\">\n\t\t\t\t<div class=\"elementor-element elementor-element-8237f6d e-flex e-con-boxed e-con e-parent\" data-id=\"8237f6d\" data-element_type=\"container\" data-e-type=\"container\">\n\t\t\t\t\t<div class=\"e-con-inner\">\n\t\t\t\t<div class=\"elementor-element elementor-element-a7bd8b2 elementor-widget elementor-widget-heading\" data-id=\"a7bd8b2\" data-element_type=\"widget\" data-e-type=\"widget\" data-widget_type=\"heading.default\">\n\t\t\t\t<div class=\"elementor-widget-container\">\n\t\t\t\t\t<h2 class=\"elementor-heading-title elementor-size-default\">OBJETIVO Y PROP\u00d3SITO<\/h2>\t\t\t\t<\/div>\n\t\t\t\t<\/div>\n\t\t\t\t<div class=\"elementor-element elementor-element-d6e603e elementor-widget-divider--view-line_icon elementor-view-default elementor-widget-divider--element-align-center elementor-widget elementor-widget-divider\" data-id=\"d6e603e\" data-element_type=\"widget\" data-e-type=\"widget\" data-widget_type=\"divider.default\">\n\t\t\t\t<div class=\"elementor-widget-container\">\n\t\t\t\t\t\t\t<div class=\"elementor-divider\">\n\t\t\t<span class=\"elementor-divider-separator\">\n\t\t\t\t\t\t\t<div class=\"elementor-icon elementor-divider__element\">\n\t\t\t\t\t<i aria-hidden=\"true\" class=\"fas fa-bookmark\"><\/i><\/div>\n\t\t\t\t\t\t<\/span>\n\t\t<\/div>\n\t\t\t\t\t\t<\/div>\n\t\t\t\t<\/div>\n\t\t<div class=\"elementor-element elementor-element-2dace99 e-flex e-con-boxed e-con e-child\" data-id=\"2dace99\" data-element_type=\"container\" data-e-type=\"container\">\n\t\t\t\t\t<div class=\"e-con-inner\">\n\t\t<div class=\"elementor-element elementor-element-cd353ba e-con-full e-flex e-con e-child\" data-id=\"cd353ba\" data-element_type=\"container\" data-e-type=\"container\">\n\t\t\t\t<div class=\"elementor-element elementor-element-8d2c12d elementor-position-top elementor-widget elementor-widget-image-box\" data-id=\"8d2c12d\" data-element_type=\"widget\" data-e-type=\"widget\" data-widget_type=\"image-box.default\">\n\t\t\t\t<div class=\"elementor-widget-container\">\n\t\t\t\t\t<div class=\"elementor-image-box-wrapper\"><figure class=\"elementor-image-box-img\"><img fetchpriority=\"high\" decoding=\"async\" width=\"1920\" height=\"948\" src=\"https:\/\/liceovirtual.utalca.cl\/wp-content\/uploads\/2023\/09\/slide1.jpg\" class=\"attachment-full size-full wp-image-52\" alt=\"\" srcset=\"https:\/\/liceovirtual.utalca.cl\/wp-content\/uploads\/2023\/09\/slide1.jpg 1920w, https:\/\/liceovirtual.utalca.cl\/wp-content\/uploads\/2023\/09\/slide1-300x148.jpg 300w, https:\/\/liceovirtual.utalca.cl\/wp-content\/uploads\/2023\/09\/slide1-1024x506.jpg 1024w, https:\/\/liceovirtual.utalca.cl\/wp-content\/uploads\/2023\/09\/slide1-768x379.jpg 768w, https:\/\/liceovirtual.utalca.cl\/wp-content\/uploads\/2023\/09\/slide1-1536x758.jpg 1536w\" sizes=\"(max-width: 1920px) 100vw, 1920px\" \/><\/figure><div class=\"elementor-image-box-content\"><h3 class=\"elementor-image-box-title\">NUESTRO OBJETIVO<\/h3><p class=\"elementor-image-box-description\">Ser una herramienta de innovaci\u00f3n tecnol\u00f3gica de referencia que contribuya al desarrollo y fortalecimiento de los procesos de ense\u00f1anza y aprendizaje para toda la comunidad educativa.<\/p><\/div><\/div>\t\t\t\t<\/div>\n\t\t\t\t<\/div>\n\t\t\t\t<\/div>\n\t\t<div class=\"elementor-element elementor-element-0826689 e-con-full e-flex e-con e-child\" data-id=\"0826689\" data-element_type=\"container\" data-e-type=\"container\">\n\t\t\t\t<div class=\"elementor-element elementor-element-4758178 elementor-position-top elementor-widget elementor-widget-image-box\" data-id=\"4758178\" data-element_type=\"widget\" data-e-type=\"widget\" data-widget_type=\"image-box.default\">\n\t\t\t\t<div class=\"elementor-widget-container\">\n\t\t\t\t\t<div class=\"elementor-image-box-wrapper\"><figure class=\"elementor-image-box-img\"><img decoding=\"async\" width=\"550\" height=\"300\" src=\"https:\/\/liceovirtual.utalca.cl\/wp-content\/uploads\/2023\/09\/nuestro-proposito.jpg\" class=\"attachment-full size-full wp-image-225\" alt=\"\" srcset=\"https:\/\/liceovirtual.utalca.cl\/wp-content\/uploads\/2023\/09\/nuestro-proposito.jpg 550w, https:\/\/liceovirtual.utalca.cl\/wp-content\/uploads\/2023\/09\/nuestro-proposito-300x164.jpg 300w\" sizes=\"(max-width: 550px) 100vw, 550px\" \/><\/figure><div class=\"elementor-image-box-content\"><h3 class=\"elementor-image-box-title\">NUESTRO PROP\u00d3SITO<\/h3><p class=\"elementor-image-box-description\">Ser reconocida como una plataforma educativa de innovaci\u00f3n, internacionalizada, de calidad y excelencia, acorde a los desaf\u00edos del futuro que fortalezca los procesos de ense\u00f1anza y aprendizaje mediante acciones formativas con enfoque STEAM dirigida a toda la comunidad educativa a nivel local, regional y nacional.<\/p><\/div><\/div>\t\t\t\t<\/div>\n\t\t\t\t<\/div>\n\t\t\t\t<\/div>\n\t\t\t\t\t<\/div>\n\t\t\t\t<\/div>\n\t\t\t\t\t<\/div>\n\t\t\t\t<\/div>\n\t\t<div class=\"elementor-element elementor-element-9ea7b2e e-flex e-con-boxed e-con e-parent\" data-id=\"9ea7b2e\" data-element_type=\"container\" data-e-type=\"container\">\n\t\t\t\t\t<div class=\"e-con-inner\">\n\t\t\t\t<div class=\"elementor-element elementor-element-3b8b9db elementor-widget elementor-widget-image\" data-id=\"3b8b9db\" data-element_type=\"widget\" data-e-type=\"widget\" data-widget_type=\"image.default\">\n\t\t\t\t<div class=\"elementor-widget-container\">\n\t\t\t\t\t\t\t\t\t\t\t\t\t\t\t<img decoding=\"async\" width=\"522\" height=\"35\" src=\"https:\/\/liceovirtual.utalca.cl\/wp-content\/uploads\/2023\/09\/footer-strip-green.png\" class=\"attachment-large size-large wp-image-88\" alt=\"\" srcset=\"https:\/\/liceovirtual.utalca.cl\/wp-content\/uploads\/2023\/09\/footer-strip-green.png 522w, https:\/\/liceovirtual.utalca.cl\/wp-content\/uploads\/2023\/09\/footer-strip-green-300x20.png 300w\" sizes=\"(max-width: 522px) 100vw, 522px\" \/>\t\t\t\t\t\t\t\t\t\t\t\t\t\t\t<\/div>\n\t\t\t\t<\/div>\n\t\t\t\t\t<\/div>\n\t\t\t\t<\/div>\n\t\t\t\t<\/div>\n\t\t","protected":false},"excerpt":{"rendered":"<p>OBJETIVO Y PROP\u00d3SITO NUESTRO OBJETIVO Ser una herramienta de innovaci\u00f3n tecnol\u00f3gica de referencia que contribuya al desarrollo y fortalecimiento de los procesos de ense\u00f1anza y aprendizaje para toda la comunidad educativa. NUESTRO PROP\u00d3SITO Ser reconocida como una plataforma educativa de innovaci\u00f3n, internacionalizada, de calidad y excelencia, acorde a los desaf\u00edos del futuro que fortalezca los [&hellip;]<\/p>\n","protected":false},"author":1,"featured_media":0,"parent":0,"menu_order":0,"comment_status":"closed","ping_status":"closed","template":"elementor_header_footer","meta":{"footnotes":""},"class_list":["post-256","page","type-page","status-publish","hentry"],"_links":{"self":[{"href":"https:\/\/liceovirtual.utalca.cl\/index.php\/wp-json\/wp\/v2\/pages\/256","targetHints":{"allow":["GET"]}}],"collection":[{"href":"https:\/\/liceovirtual.utalca.cl\/index.php\/wp-json\/wp\/v2\/pages"}],"about":[{"href":"https:\/\/liceovirtual.utalca.cl\/index.php\/wp-json\/wp\/v2\/types\/page"}],"author":[{"embeddable":true,"href":"https:\/\/liceovirtual.utalca.cl\/index.php\/wp-json\/wp\/v2\/users\/1"}],"replies":[{"embeddable":true,"href":"https:\/\/liceovirtual.utalca.cl\/index.php\/wp-json\/wp\/v2\/comments?post=256"}],"version-history":[{"count":5,"href":"https:\/\/liceovirtual.utalca.cl\/index.php\/wp-json\/wp\/v2\/pages\/256\/revisions"}],"predecessor-version":[{"id":261,"href":"https:\/\/liceovirtual.utalca.cl\/index.php\/wp-json\/wp\/v2\/pages\/256\/revisions\/261"}],"wp:attachment":[{"href":"https:\/\/liceovirtual.utalca.cl\/index.php\/wp-json\/wp\/v2\/media?parent=256"}],"curies":[{"name":"wp","href":"https:\/\/api.w.org\/{rel}","templated":true}]}}