{"id":383,"date":"2023-10-26T18:50:43","date_gmt":"2023-10-26T16:50:43","guid":{"rendered":"https:\/\/liceovirtual.utalca.cl\/?page_id=383"},"modified":"2023-10-26T19:04:22","modified_gmt":"2023-10-26T17:04:22","slug":"que-es-el-lve","status":"publish","type":"page","link":"https:\/\/liceovirtual.utalca.cl\/index.php\/que-es-el-lve\/","title":{"rendered":"\u00bfQu\u00e9 es el LVE?"},"content":{"rendered":"\t\t<div data-elementor-type=\"wp-page\" data-elementor-id=\"383\" class=\"elementor elementor-383\" data-elementor-post-type=\"page\">\n\t\t\t\t<div class=\"elementor-element elementor-element-7ba6017 e-flex e-con-boxed e-con e-parent\" data-id=\"7ba6017\" data-element_type=\"container\" data-e-type=\"container\">\n\t\t\t\t\t<div class=\"e-con-inner\">\n\t\t\t\t<div class=\"elementor-element elementor-element-d0f0fa1 elementor-widget elementor-widget-heading\" data-id=\"d0f0fa1\" data-element_type=\"widget\" data-e-type=\"widget\" data-widget_type=\"heading.default\">\n\t\t\t\t<div class=\"elementor-widget-container\">\n\t\t\t\t\t<h2 class=\"elementor-heading-title elementor-size-default\">\u00bfQu\u00e9 es el Liceo Virtual de Excelencia?<\/h2>\t\t\t\t<\/div>\n\t\t\t\t<\/div>\n\t\t\t\t\t<\/div>\n\t\t\t\t<\/div>\n\t\t<div class=\"elementor-element elementor-element-2ee3d80 e-flex e-con-boxed e-con e-parent\" data-id=\"2ee3d80\" data-element_type=\"container\" data-e-type=\"container\">\n\t\t\t\t\t<div class=\"e-con-inner\">\n\t\t\t\t<div class=\"elementor-element elementor-element-d9820c6 elementor-widget elementor-widget-text-editor\" data-id=\"d9820c6\" data-element_type=\"widget\" data-e-type=\"widget\" data-widget_type=\"text-editor.default\">\n\t\t\t\t<div class=\"elementor-widget-container\">\n\t\t\t\t\t\t\t\t\t<p>Somos una plataforma virtual de aprendizaje que est\u00e1 inserta en la Unidad de Vinculaci\u00f3n con el Sistema Escolar de la Direcci\u00f3n de Ciclo de Vida Estudiantil de la Universidad de Talca.<\/p><p>Nuestro objetivo principal es fortalecer la vinculaci\u00f3n escolar efectiva con las comunidades educativas locales, regionales y del pa\u00eds, entregando herramientas did\u00e1cticas en formato e-learning en el \u00e1rea STEM que permitan potenciar los conocimientos de los estudiantes de ense\u00f1anza media y el trabajo sistem\u00e1tico de los distintos estamentos educacionales.<\/p>\t\t\t\t\t\t\t\t<\/div>\n\t\t\t\t<\/div>\n\t\t\t\t\t<\/div>\n\t\t\t\t<\/div>\n\t\t<div class=\"elementor-element elementor-element-eda22cf e-flex e-con-boxed e-con e-parent\" data-id=\"eda22cf\" data-element_type=\"container\" data-e-type=\"container\">\n\t\t\t\t\t<div class=\"e-con-inner\">\n\t\t<div class=\"elementor-element elementor-element-09593b3 e-con-full e-flex e-con e-child\" data-id=\"09593b3\" data-element_type=\"container\" data-e-type=\"container\">\n\t\t\t\t<div class=\"elementor-element elementor-element-4a5c2d2 elementor-widget elementor-widget-image\" data-id=\"4a5c2d2\" data-element_type=\"widget\" data-e-type=\"widget\" data-widget_type=\"image.default\">\n\t\t\t\t<div class=\"elementor-widget-container\">\n\t\t\t\t\t\t\t\t\t\t\t\t\t\t\t<img fetchpriority=\"high\" decoding=\"async\" width=\"249\" height=\"300\" src=\"https:\/\/liceovirtual.utalca.cl\/wp-content\/uploads\/2023\/10\/Virtualito_equipo-249x300.png\" class=\"attachment-medium size-medium wp-image-361\" alt=\"\" srcset=\"https:\/\/liceovirtual.utalca.cl\/wp-content\/uploads\/2023\/10\/Virtualito_equipo-249x300.png 249w, https:\/\/liceovirtual.utalca.cl\/wp-content\/uploads\/2023\/10\/Virtualito_equipo.png 310w\" sizes=\"(max-width: 249px) 100vw, 249px\" \/>\t\t\t\t\t\t\t\t\t\t\t\t\t\t\t<\/div>\n\t\t\t\t<\/div>\n\t\t\t\t<\/div>\n\t\t<div class=\"elementor-element elementor-element-d5f4b86 e-con-full e-flex e-con e-child\" data-id=\"d5f4b86\" data-element_type=\"container\" data-e-type=\"container\">\n\t\t\t\t<div class=\"elementor-element elementor-element-094146e elementor-widget elementor-widget-image\" data-id=\"094146e\" data-element_type=\"widget\" data-e-type=\"widget\" data-widget_type=\"image.default\">\n\t\t\t\t<div class=\"elementor-widget-container\">\n\t\t\t\t\t\t\t\t\t\t\t\t\t\t\t<img decoding=\"async\" width=\"330\" height=\"120\" src=\"https:\/\/liceovirtual.utalca.cl\/wp-content\/uploads\/2023\/09\/logotipo.png\" class=\"attachment-large size-large wp-image-46\" alt=\"\" srcset=\"https:\/\/liceovirtual.utalca.cl\/wp-content\/uploads\/2023\/09\/logotipo.png 330w, https:\/\/liceovirtual.utalca.cl\/wp-content\/uploads\/2023\/09\/logotipo-300x109.png 300w\" sizes=\"(max-width: 330px) 100vw, 330px\" \/>\t\t\t\t\t\t\t\t\t\t\t\t\t\t\t<\/div>\n\t\t\t\t<\/div>\n\t\t\t\t<\/div>\n\t\t\t\t\t<\/div>\n\t\t\t\t<\/div>\n\t\t\t\t<\/div>\n\t\t","protected":false},"excerpt":{"rendered":"<p>\u00bfQu\u00e9 es el Liceo Virtual de Excelencia? Somos una plataforma virtual de aprendizaje que est\u00e1 inserta en la Unidad de Vinculaci\u00f3n con el Sistema Escolar de la Direcci\u00f3n de Ciclo de Vida Estudiantil de la Universidad de Talca. Nuestro objetivo principal es fortalecer la vinculaci\u00f3n escolar efectiva con las comunidades educativas locales, regionales y del [&hellip;]<\/p>\n","protected":false},"author":1,"featured_media":0,"parent":0,"menu_order":0,"comment_status":"closed","ping_status":"closed","template":"elementor_header_footer","meta":{"footnotes":""},"class_list":["post-383","page","type-page","status-publish","hentry"],"_links":{"self":[{"href":"https:\/\/liceovirtual.utalca.cl\/index.php\/wp-json\/wp\/v2\/pages\/383","targetHints":{"allow":["GET"]}}],"collection":[{"href":"https:\/\/liceovirtual.utalca.cl\/index.php\/wp-json\/wp\/v2\/pages"}],"about":[{"href":"https:\/\/liceovirtual.utalca.cl\/index.php\/wp-json\/wp\/v2\/types\/page"}],"author":[{"embeddable":true,"href":"https:\/\/liceovirtual.utalca.cl\/index.php\/wp-json\/wp\/v2\/users\/1"}],"replies":[{"embeddable":true,"href":"https:\/\/liceovirtual.utalca.cl\/index.php\/wp-json\/wp\/v2\/comments?post=383"}],"version-history":[{"count":4,"href":"https:\/\/liceovirtual.utalca.cl\/index.php\/wp-json\/wp\/v2\/pages\/383\/revisions"}],"predecessor-version":[{"id":388,"href":"https:\/\/liceovirtual.utalca.cl\/index.php\/wp-json\/wp\/v2\/pages\/383\/revisions\/388"}],"wp:attachment":[{"href":"https:\/\/liceovirtual.utalca.cl\/index.php\/wp-json\/wp\/v2\/media?parent=383"}],"curies":[{"name":"wp","href":"https:\/\/api.w.org\/{rel}","templated":true}]}}